{"id":7,"date":"2021-05-25T20:13:27","date_gmt":"2021-05-25T18:13:27","guid":{"rendered":"http:\/\/atelier-des-bernigots.fr\/?page_id=7"},"modified":"2024-10-28T16:13:26","modified_gmt":"2024-10-28T15:13:26","slug":"a-propos-de","status":"publish","type":"page","link":"https:\/\/www.atelier-des-bernigots.fr\/","title":{"rendered":"Annie BOUVIER, plasticienne."},"content":{"rendered":"\n<p><br>Tourn\u00e9e vers l&rsquo;art contemporain, Annie Bouvier vous propose de partager son travail : l&rsquo;\u00e9nergie comme th\u00e8me et m\u00e9thode.<\/p>\n\n\n\n<p>          <em>\u00ab\u00a0Au-del\u00e0 des formes, d\u00e9passer le trait, prolonger le geste&#8230;\u00a0\u00bb<\/em><\/p>\n\n\n\n<p>L&rsquo; Atelier des Bernigots est son lieu de cr\u00e9ation.<\/p>\n\n\n\n<p><\/p>\n","protected":false},"excerpt":{"rendered":"<p>Tourn\u00e9e vers l&rsquo;art contemporain, Annie Bouvier vous propose de partager son travail : l&rsquo;\u00e9nergie comme th\u00e8me et m\u00e9thode. \u00ab\u00a0Au-del\u00e0 des formes, d\u00e9passer le trait, prolonger le geste&#8230;\u00a0\u00bb L&rsquo; Atelier des Bernigots est son lieu de cr\u00e9ation.<\/p>\n","protected":false},"author":1,"featured_media":39,"parent":0,"menu_order":0,"comment_status":"closed","ping_status":"closed","template":"","meta":{"footnotes":""},"class_list":["post-7","page","type-page","status-publish","has-post-thumbnail","hentry"],"_links":{"self":[{"href":"https:\/\/www.atelier-des-bernigots.fr\/index.php\/wp-json\/wp\/v2\/pages\/7","targetHints":{"allow":["GET"]}}],"collection":[{"href":"https:\/\/www.atelier-des-bernigots.fr\/index.php\/wp-json\/wp\/v2\/pages"}],"about":[{"href":"https:\/\/www.atelier-des-bernigots.fr\/index.php\/wp-json\/wp\/v2\/types\/page"}],"author":[{"embeddable":true,"href":"https:\/\/www.atelier-des-bernigots.fr\/index.php\/wp-json\/wp\/v2\/users\/1"}],"replies":[{"embeddable":true,"href":"https:\/\/www.atelier-des-bernigots.fr\/index.php\/wp-json\/wp\/v2\/comments?post=7"}],"version-history":[{"count":7,"href":"https:\/\/www.atelier-des-bernigots.fr\/index.php\/wp-json\/wp\/v2\/pages\/7\/revisions"}],"predecessor-version":[{"id":415,"href":"https:\/\/www.atelier-des-bernigots.fr\/index.php\/wp-json\/wp\/v2\/pages\/7\/revisions\/415"}],"wp:featuredmedia":[{"embeddable":true,"href":"https:\/\/www.atelier-des-bernigots.fr\/index.php\/wp-json\/wp\/v2\/media\/39"}],"wp:attachment":[{"href":"https:\/\/www.atelier-des-bernigots.fr\/index.php\/wp-json\/wp\/v2\/media?parent=7"}],"curies":[{"name":"wp","href":"https:\/\/api.w.org\/{rel}","templated":true}]}}